{"id":348,"date":"2020-09-14T14:53:51","date_gmt":"2020-09-14T14:53:51","guid":{"rendered":"http:\/\/expendedorasushuaia.com.ar\/web\/?page_id=348"},"modified":"2020-09-15T00:40:14","modified_gmt":"2020-09-15T00:40:14","slug":"termos-de-alto-rendimiento","status":"publish","type":"page","link":"http:\/\/expendedorasushuaia.com.ar\/web\/termos-de-alto-rendimiento\/","title":{"rendered":"Termos de Alto Rendimiento"},"content":{"rendered":"\n<section class=\"wp-block-themeisle-blocks-advanced-columns alignfull has-2-columns has-desktop-equal-layout has-tablet-equal-layout has-mobile-collapsedRows-layout has-nogap-gap has-vertical-flex-start\" id=\"wp-block-themeisle-blocks-advanced-columns-c35e1bf3\"><div class=\"wp-block-themeisle-blocks-advanced-columns-overlay\"><\/div><div class=\"innerblocks-wrap\">\n<div class=\"wp-block-themeisle-blocks-advanced-column\" id=\"wp-block-themeisle-blocks-advanced-column-7002fb8f\">\n<h3 class=\"wp-block-heading\">Termos de alto rendimiento<\/h3>\n\n\n\n<figure class=\"wp-block-image size-large\"><img loading=\"lazy\" decoding=\"async\" width=\"400\" height=\"600\" src=\"http:\/\/expendedorasushuaia.com.ar\/web\/wp-content\/uploads\/2020\/09\/ModPSD.jpg\" alt=\"\" class=\"wp-image-349\" srcset=\"http:\/\/expendedorasushuaia.com.ar\/web\/wp-content\/uploads\/2020\/09\/ModPSD.jpg 400w, http:\/\/expendedorasushuaia.com.ar\/web\/wp-content\/uploads\/2020\/09\/ModPSD-200x300.jpg 200w\" sizes=\"auto, (max-width: 400px) 100vw, 400px\" \/><\/figure>\n<\/div>\n\n\n\n<div class=\"wp-block-themeisle-blocks-advanced-column\" id=\"wp-block-themeisle-blocks-advanced-column-3e5aec1f\">\n<h3 class=\"has-text-align-left wp-block-heading\">Listo para instalar.<\/h3>\n\n\n\n<p class=\"has-text-align-left\">Tama\u00f1o y dise\u00f1o ideal para hoteles, hogares y oficinas. F\u00e1cilmente identificable como solo calor. Ideal para instalaciones con alta rotaci\u00f3n de p\u00fablico, por ejemplo, fabricas, eventos, estaciones de servicios, maxi kioscos.<\/p>\n\n\n\n<p>Tama\u00f1o y dise\u00f1o compacto, con las proporciones justas para instalarse hasta en los espacios m\u00e1s reducidos.<\/p>\n\n\n\n<p>Estructura de acero inoxidable Calidad 304<\/p>\n\n\n\n<p>Rendimiento: <strong>30 Litros\/hora<\/strong><\/p>\n\n\n\n<p>Versi\u00f3n disponible: <strong>SOLO AGUA FR\u00cdA \/ SOLO AGUA CALIENTE<\/strong>. Ambas versiones pueden ser equipadas con un sistema que permite la comercializaci\u00f3n del servicio (monedero o billetero)<\/p>\n<\/div>\n<\/div><\/section>\n\n\n\n<section class=\"wp-block-themeisle-blocks-advanced-columns alignfull has-2-columns has-desktop-equal-layout has-tablet-equal-layout has-mobile-collapsedRows-layout has-nogap-gap has-vertical-flex-start\" id=\"wp-block-themeisle-blocks-advanced-columns-1dfd273f\"><div class=\"wp-block-themeisle-blocks-advanced-columns-overlay\"><\/div><div class=\"innerblocks-wrap\">\n<div class=\"wp-block-themeisle-blocks-advanced-column\" id=\"wp-block-themeisle-blocks-advanced-column-5d8392d6\"><\/div>\n\n\n\n<div class=\"wp-block-themeisle-blocks-advanced-column\" id=\"wp-block-themeisle-blocks-advanced-column-04ed3377\">\n<h4 class=\"has-text-align-left has-white-color has-text-color wp-block-heading\">1 A\u00f1o de Garant\u00eda. <\/h4>\n\n\n\n<p class=\"has-text-align-left has-white-color has-text-color\">Somos fabricantes y ofrecemos la garant\u00eda extendida de 1 a\u00f1o para todos nuestros productos. Adem\u00e1s contamos con la totalidad de insumos y elementos de reposici\u00f3n para cada una de nuestras unidades. <\/p>\n\n\n\n<blockquote class=\"wp-block-quote is-layout-flow wp-block-quote-is-layout-flow\"><p><br><strong>Son equipos super silencios, sin vibraciones,<\/strong><br><strong>con alta eficiencia y bajo consumo, <\/strong><br><strong>ahorrando energ\u00eda y dinero.<\/strong><\/p><\/blockquote>\n<\/div>\n<\/div><\/section>\n","protected":false},"excerpt":{"rendered":"","protected":false},"author":4,"featured_media":0,"parent":0,"menu_order":0,"comment_status":"closed","ping_status":"closed","template":"","meta":{"footnotes":""},"class_list":["post-348","page","type-page","status-publish","hentry"],"_links":{"self":[{"href":"http:\/\/expendedorasushuaia.com.ar\/web\/wp-json\/wp\/v2\/pages\/348","targetHints":{"allow":["GET"]}}],"collection":[{"href":"http:\/\/expendedorasushuaia.com.ar\/web\/wp-json\/wp\/v2\/pages"}],"about":[{"href":"http:\/\/expendedorasushuaia.com.ar\/web\/wp-json\/wp\/v2\/types\/page"}],"author":[{"embeddable":true,"href":"http:\/\/expendedorasushuaia.com.ar\/web\/wp-json\/wp\/v2\/users\/4"}],"replies":[{"embeddable":true,"href":"http:\/\/expendedorasushuaia.com.ar\/web\/wp-json\/wp\/v2\/comments?post=348"}],"version-history":[{"count":4,"href":"http:\/\/expendedorasushuaia.com.ar\/web\/wp-json\/wp\/v2\/pages\/348\/revisions"}],"predecessor-version":[{"id":365,"href":"http:\/\/expendedorasushuaia.com.ar\/web\/wp-json\/wp\/v2\/pages\/348\/revisions\/365"}],"wp:attachment":[{"href":"http:\/\/expendedorasushuaia.com.ar\/web\/wp-json\/wp\/v2\/media?parent=348"}],"curies":[{"name":"wp","href":"https:\/\/api.w.org\/{rel}","templated":true}]}}